{"id":10,"date":"2023-02-21T13:51:18","date_gmt":"2023-02-21T13:51:18","guid":{"rendered":"https:\/\/palacio-royal.com\/?page_id=10"},"modified":"2023-02-22T18:06:48","modified_gmt":"2023-02-22T18:06:48","slug":"home","status":"publish","type":"page","link":"https:\/\/palacio-royal.com\/es\/","title":{"rendered":"home"},"content":{"rendered":"<h1>Organizador de eventos con experiencia y de confianza<\/h1>\t\t\t\n\t\t\t\t<p>Somos una empresa que lleva m\u00e1s de 10 a\u00f1os organizando con \u00e9xito bodas y otras celebraciones familiares. Nuestros conocimientos y experiencia nos han hecho merecedores del aprecio de muchos clientes para los que hemos tenido el placer de trabajar. Consulte nuestra oferta. \u00a1Le prepararemos un evento inolvidable!<\/p>\n\t\t\t<h3>Boda inolvidable<\/h3>\n\t\t\t\t<p>Una boda es uno de los d\u00edas m\u00e1s importantes en la vida de cada persona. Nuestro trabajo consiste en cuidar hasta el \u00faltimo detalle de su boda. Nos preocupamos por su comodidad para que pueda disfrutar plenamente de este d\u00eda. Por eso, conf\u00ede la organizaci\u00f3n y dem\u00e1s aspectos a un organizador de eventos contrastado como Palacio Royal.<\/p>\n\t\t\t\t<img decoding=\"async\" src=\"https:\/\/palacio-royal.com\/wp-content\/uploads\/2023\/02\/wedding-01.jpg\" alt=\"wedding-01\" title=\"wedding-01\" itemprop=\"image\"  \/>\n\t\t\t\t<img decoding=\"async\" src=\"https:\/\/palacio-royal.com\/wp-content\/uploads\/2023\/02\/birthday03.jpg\" alt=\"birthday03\" title=\"birthday03\" itemprop=\"image\"  \/>\n\t\t\t<h3>Fabulosa fiesta de cumplea\u00f1os<\/h3>\n\t\t\t\t<p>Las fiestas de cumplea\u00f1os son la oportunidad perfecta para celebrar con la familia y los amigos. Organizar una fiesta con Palacio Royal har\u00e1 que este d\u00eda sea memorable durante mucho tiempo. Nos encargaremos de la decoraci\u00f3n perfecta, los artilugios, una comida excelente y todo lo que desees. \u00a1Cel\u00e9bralo con Palacio Royal!<\/p>\n\t\t\t<h3>Celebraciones familiares<\/h3>\n\t\t\t\t<p>Creemos que nada une m\u00e1s a las personas que participar en celebraciones. Sea cual sea la ocasi\u00f3n, prepararemos para usted la fiesta con la que sue\u00f1a. Nuestro equipo de profesionales cuidar\u00e1 hasta el \u00faltimo detalle para crear un ambiente maravilloso para su evento.<\/p>\n\t\t\t\t<img decoding=\"async\" src=\"https:\/\/palacio-royal.com\/wp-content\/uploads\/2023\/02\/family.jpg\" alt=\"family\" title=\"family\" itemprop=\"image\"  \/>\n\t\t\t\t<img decoding=\"async\" src=\"https:\/\/palacio-royal.com\/wp-content\/uploads\/2023\/02\/offer-02.jpg\" alt=\"offer-02\" title=\"offer-02\" itemprop=\"image\"  \/>\n\t\t\t<h3>Una oferta a su medida<\/h3>\n\t\t\t\t<p>Palacio Royal ofrece una organizaci\u00f3n y un servicio integrales para ceremonias de boda, cumplea\u00f1os y otras celebraciones. Adoptamos un enfoque individual para cada encargo. Creemos que cada evento es \u00fanico, por lo que personalizamos la oferta para satisfacer las expectativas de nuestros clientes.<\/p>\n\t\t\t<h3>Hacemos realidad sus sue\u00f1os<\/h3>\n\t\t\t\t<p>Nuestra flexibilidad, funcionalidad y atenci\u00f3n al detalle nos permiten crear el evento m\u00e1s hermoso con el que sue\u00f1a. Palacio Royal cuenta con un equipo de especialistas de confianza que hemos reunido a nuestro alrededor durante muchos a\u00f1os. Esto nos permite garantizar el desarrollo eficaz de cada evento, de principio a fin.<\/p>\n\t\t\t\t<img decoding=\"async\" src=\"https:\/\/palacio-royal.com\/wp-content\/uploads\/2023\/02\/dreams.jpg\" alt=\"dreams\" title=\"dreams\" itemprop=\"image\"  \/>\n\t\t\t\t<img decoding=\"async\" src=\"https:\/\/palacio-royal.com\/wp-content\/uploads\/2023\/02\/Comprehensive.jpg\" alt=\"Comprehensive\" title=\"Comprehensive\" itemprop=\"image\"  \/>\n\t\t\t<h3>Organizaci\u00f3n integral<\/h3>\n\t\t\t\t<p>Palacio Royal&#8217;s offer is complete help in organizing your party. We care about the satisfaction of both you and your guests. We individually approach each client to provide a unique offer that will meet all your expectations.<\/p>\n\t\t\t<h3>\u00daltimas tendencias<\/h3>\n\t\t\t\t<p>Nuestro trabajo se gu\u00eda por el seguimiento de las \u00faltimas tendencias en la organizaci\u00f3n de eventos. Participamos en cursos de formaci\u00f3n especializados y adquirimos constantemente nuevos conocimientos. Todo ello redunda en la alta calidad de nuestro trabajo y en la satisfacci\u00f3n de nuestros clientes.<\/p>\n\t\t\t\t<img decoding=\"async\" src=\"https:\/\/palacio-royal.com\/wp-content\/uploads\/2023\/02\/Latest-trends.jpg\" alt=\"Latest-trends\" title=\"Latest-trends\" itemprop=\"image\"  \/>\n\t\t\t<h5>Check out Palacio Royal&#8217;s offer!<\/h5><h2>\u00a0P\u00f3ngase en contacto con nosotros.<\/h2>\t\t\t\n\t\t\t\t<p>\u00a1Le prepararemos un evento inolvidable!<\/p>\n\t\t\t<h4>Palacio Royal<\/h4>\t\t\t\n\t\t\t\t<p>Calle 1 e Lucerna Zona Oriental<br \/>Santo Domingo<br \/>Dominican Republic<\/p>\n\t<ul>\n\t\t<li>\t\t\t\t\n\t\t<p>+1 809-334-1262<\/p><\/li><li><a href=\"https:\/\/wa.me\/18296164777\" target=\"_blank\" rel=\"noopener\" aria-label=\"Go to https:\/\/wa.me\/18296164777\"><\/a>\t\t\t\t\n\t\t<p>8296164777<\/p><\/li><li>\t\t\t\t\n\t\t<p><a href=\"\/es\/\"mailto:palacioroyaleventos@gmail.com\"\/\"><\/a>palacioroyaleventos@gmail.com<\/p><\/li>\t<\/ul>\n\t\t\t\t\t<ul id=\"menu-lang\"><li id=\"menu-item-155\"><a href=\"https:\/\/palacio-royal.com\/es\/?fl_builder\">ES<\/a><\/li>\n<li id=\"menu-item-156\"><a href=\"https:\/\/palacio-royal.com\/es\/?fl_builder\">EN<\/a><\/li>\n<\/ul>","protected":false},"excerpt":{"rendered":"<p>Experienced and trusted event planner We are a company that has been successfully organizing wedding parties and other family celebrations for over 10 years. Our knowledge and experience have gained appreciation from many clients for whom we have had the pleasure to work. Check out our offer. We will prepare an unforgettable event for you!&hellip;<\/p>","protected":false},"author":1,"featured_media":0,"parent":0,"menu_order":0,"comment_status":"closed","ping_status":"closed","template":"","meta":{"footnotes":""},"class_list":["post-10","page","type-page","status-publish","hentry"],"_links":{"self":[{"href":"https:\/\/palacio-royal.com\/es\/wp-json\/wp\/v2\/pages\/10","targetHints":{"allow":["GET"]}}],"collection":[{"href":"https:\/\/palacio-royal.com\/es\/wp-json\/wp\/v2\/pages"}],"about":[{"href":"https:\/\/palacio-royal.com\/es\/wp-json\/wp\/v2\/types\/page"}],"author":[{"embeddable":true,"href":"https:\/\/palacio-royal.com\/es\/wp-json\/wp\/v2\/users\/1"}],"replies":[{"embeddable":true,"href":"https:\/\/palacio-royal.com\/es\/wp-json\/wp\/v2\/comments?post=10"}],"version-history":[{"count":85,"href":"https:\/\/palacio-royal.com\/es\/wp-json\/wp\/v2\/pages\/10\/revisions"}],"predecessor-version":[{"id":168,"href":"https:\/\/palacio-royal.com\/es\/wp-json\/wp\/v2\/pages\/10\/revisions\/168"}],"wp:attachment":[{"href":"https:\/\/palacio-royal.com\/es\/wp-json\/wp\/v2\/media?parent=10"}],"curies":[{"name":"wp","href":"https:\/\/api.w.org\/{rel}","templated":true}]}}